{"id":86,"date":"2025-07-17T08:35:47","date_gmt":"2025-07-17T08:35:47","guid":{"rendered":"https:\/\/fatau.at\/hp\/?page_id=86"},"modified":"2025-07-21T18:59:04","modified_gmt":"2025-07-21T18:59:04","slug":"about","status":"publish","type":"page","link":"https:\/\/fatau.at\/hp\/about\/","title":{"rendered":"About"},"content":{"rendered":"<style>.kb-row-layout-id86_dbcf4c-69 > .kt-row-column-wrap{align-content:start;}:where(.kb-row-layout-id86_dbcf4c-69 > .kt-row-column-wrap) > .wp-block-kadence-column{justify-content:start;}.kb-row-layout-id86_dbcf4c-69 > .kt-row-column-wrap{column-gap:var(--global-kb-gap-md, 2rem);row-gap:var(--global-kb-gap-md, 2rem);max-width:var( --global-content-width, 1290px );padding-left:var(--global-content-edge-padding);padding-right:var(--global-content-edge-padding);padding-top:var(--global-kb-spacing-xxl, 5rem);padding-bottom:var(--global-kb-spacing-xxl, 5rem);grid-template-columns:minmax(0, 1fr);}.kb-row-layout-id86_dbcf4c-69 > .kt-row-layout-overlay{opacity:0.30;}@media all and (max-width: 1024px){.kb-row-layout-id86_dbcf4c-69 > .kt-row-column-wrap{grid-template-columns:minmax(0, 1fr);}}@media all and (max-width: 767px){.kb-row-layout-id86_dbcf4c-69 > .kt-row-column-wrap{grid-template-columns:minmax(0, 1fr);}}<\/style><div class=\"kb-row-layout-wrap kb-row-layout-id86_dbcf4c-69 alignfull has-theme-palette8-background-color kt-row-has-bg wp-block-kadence-rowlayout\"><div class=\"kt-row-column-wrap kt-has-1-columns kt-row-layout-equal kt-tab-layout-inherit kt-mobile-layout-row kt-row-valign-top kb-theme-content-width\">\n<style>.kadence-column86_a3dc29-e2 > .kt-inside-inner-col,.kadence-column86_a3dc29-e2 > .kt-inside-inner-col:before{border-top-left-radius:0px;border-top-right-radius:0px;border-bottom-right-radius:0px;border-bottom-left-radius:0px;}.kadence-column86_a3dc29-e2 > .kt-inside-inner-col{column-gap:var(--global-kb-gap-sm, 1rem);}.kadence-column86_a3dc29-e2 > .kt-inside-inner-col{flex-direction:column;}.kadence-column86_a3dc29-e2 > .kt-inside-inner-col > .aligncenter{width:100%;}.kadence-column86_a3dc29-e2 > .kt-inside-inner-col:before{opacity:0.3;}.kadence-column86_a3dc29-e2{position:relative;}@media all and (max-width: 1024px){.kadence-column86_a3dc29-e2 > .kt-inside-inner-col{flex-direction:column;justify-content:center;}}@media all and (max-width: 767px){.kadence-column86_a3dc29-e2 > .kt-inside-inner-col{flex-direction:column;justify-content:center;}}<\/style>\n<div class=\"wp-block-kadence-column kadence-column86_a3dc29-e2\"><div class=\"kt-inside-inner-col\"><style>.wp-block-kadence-advancedheading.kt-adv-heading86_645469-27, .wp-block-kadence-advancedheading.kt-adv-heading86_645469-27[data-kb-block=\"kb-adv-heading86_645469-27\"]{text-align:center;font-size:var(--global-kb-font-size-lg, 2rem);font-style:normal;text-transform:uppercase;}.wp-block-kadence-advancedheading.kt-adv-heading86_645469-27 mark.kt-highlight, .wp-block-kadence-advancedheading.kt-adv-heading86_645469-27[data-kb-block=\"kb-adv-heading86_645469-27\"] mark.kt-highlight{font-style:normal;color:#f76a0c;-webkit-box-decoration-break:clone;box-decoration-break:clone;padding-top:0px;padding-right:0px;padding-bottom:0px;padding-left:0px;}.wp-block-kadence-advancedheading.kt-adv-heading86_645469-27 img.kb-inline-image, .wp-block-kadence-advancedheading.kt-adv-heading86_645469-27[data-kb-block=\"kb-adv-heading86_645469-27\"] img.kb-inline-image{width:150px;vertical-align:baseline;}<\/style>\n<p class=\"kt-adv-heading86_645469-27 wp-block-kadence-advancedheading\" data-kb-block=\"kb-adv-heading86_645469-27\">Websites, die begeistern und nachhaltig sind.<\/p>\n<\/div><\/div>\n\n<\/div><\/div>\n\n\n<section style=\"max-width: 1100px; margin: 0 auto; padding: 2rem; font-family: Arial, sans-serif; color: #333;\">\n\n  <h2 style=\"font-size: 2.4rem; color: #1a1a1a; margin-bottom: 1.5rem;\">\u00dcber uns<\/h2>\n\n  <div style=\"margin-bottom: 2rem;\">\n    <p style=\"font-size: 1.1rem; line-height: 1.6;\">\n      Bei <strong>FATAU Webdesign<\/strong> vereinen wir \u00fcber <strong>25 Jahre Erfahrung<\/strong> mit Innovation, Nachhaltigkeit und digitaler Exzellenz. \n      Unser Team setzt auf moderne, energieeffiziente Technologien, um Websites zu schaffen, die nicht nur optisch \u00fcberzeugen, sondern auch messbar <strong>mehr Performance und Sichtbarkeit<\/strong> bringen.\n    <\/p>\n    <p style=\"font-size: 1.1rem; line-height: 1.6;\">\n      Denn f\u00fcr uns bedeutet Nachhaltigkeit mehr als umweltfreundliche Server: Wir sorgen daf\u00fcr, dass deine Website auch nachhaltig erfolgreich ist \u2013 durch starkes SEO, schnelle Ladezeiten und eine klare Benutzerf\u00fchrung.\n    <\/p>\n    <p style=\"font-size: 1.1rem; line-height: 1.6;\">\n      Vertraue auf unsere Leidenschaft und unsere lange Tradition \u2013 f\u00fcr Webl\u00f6sungen, die heute begeistern und morgen bestehen.\n    <\/p>\n  <\/div>\n\n  <div style=\"background-color: #f8f8f8; padding: 1.5rem; border-radius: 8px; margin-bottom: 2rem;\">\n    <h3 style=\"font-size: 1.8rem; margin-bottom: 1rem;\">Websites, die begeistern<\/h3>\n    <p style=\"font-size: 1.1rem; line-height: 1.6;\">\n      <strong>FATAU Webdesign<\/strong> ist deine kreative Webagentur aus \u00d6sterreich. Wir wissen: Deine Website ist weit mehr als nur eine digitale Visitenkarte \u2013 \n      sie ist der erste Eindruck, der zentrale Anlaufpunkt f\u00fcr deine Marke und oft dein wichtigster Vertriebskanal. \n      Unser Anspruch: <strong>Websites, die nicht nur funktionieren, sondern begeistern.<\/strong>\n    <\/p>\n  <\/div>\n\n  <div style=\"margin-bottom: 2rem;\">\n    <h3 style=\"font-size: 1.8rem; margin-bottom: 1rem;\">Unsere Leistungen<\/h3>\n    <p style=\"font-size: 1.1rem; line-height: 1.6;\">\n      Ob kleine Unternehmensseite, dynamischer Onlineshop, umfangreiche Plattform oder Onepager f\u00fcr Selbstst\u00e4ndige \u2013 wir entwickeln ma\u00dfgeschneiderte L\u00f6sungen f\u00fcr deine digitalen Ziele. \n      Dabei verbinden wir ansprechendes Design mit technischer Exzellenz, hoher Ladegeschwindigkeit, responsiver Darstellung und Suchmaschinenfreundlichkeit. \n      Mit jahrelanger Erfahrung in <strong>Webdesign, WordPress-Entwicklung, WooCommerce, SEO und Performance-Optimierung<\/strong> sind wir dein verl\u00e4sslicher Partner.\n    <\/p>\n  <\/div>\n\n  <div style=\"background-color: #f8f8f8; padding: 1.5rem; border-radius: 8px; margin-bottom: 2rem;\">\n    <h3 style=\"font-size: 1.8rem; margin-bottom: 1rem;\">Unser Ansatz<\/h3>\n    <p style=\"font-size: 1.1rem; line-height: 1.6;\">\n      Wir begleiten dich von der ersten Idee \u00fcber die strategische Konzeption bis zur Umsetzung und laufenden Betreuung. \n      Im pers\u00f6nlichen Gespr\u00e4ch h\u00f6ren wir genau zu, um deine individuellen W\u00fcnsche und Zielgruppen zu verstehen. \n      Daraus entwickeln wir eine klare Struktur, ein stimmiges Farb- und Bildkonzept und eine benutzerfreundliche Navigation \u2013 mit dem Ziel, Besucher*innen in Kund*innen zu verwandeln.\n    <\/p>\n  <\/div>\n\n  <div style=\"margin-bottom: 2rem;\">\n    <h3 style=\"font-size: 1.8rem; margin-bottom: 1rem;\">Technologie, die begeistert<\/h3>\n    <p style=\"font-size: 1.1rem; line-height: 1.6;\">\n      Als Agentur setzen wir vor allem auf <strong>WordPress<\/strong>, das weltweit f\u00fchrende Content-Management-System, das maximale Flexibilit\u00e4t und dir einfache Bedienung bietet. \n      F\u00fcr Onlineshops nutzen wir <strong>WooCommerce<\/strong>, perfekt auf WordPress abgestimmt und beliebig skalierbar \u2013 f\u00fcr den optimalen Verkauf deiner Produkte, auch international.\n    <\/p>\n  <\/div>\n\n  <div style=\"background-color: #f8f8f8; padding: 1.5rem; border-radius: 8px; margin-bottom: 2rem;\">\n    <h3 style=\"font-size: 1.8rem; margin-bottom: 1rem;\">Warum wir?<\/h3>\n    <p style=\"font-size: 1.1rem; line-height: 1.6;\">\n      Unsere Kund*innen sch\u00e4tzen unsere unkomplizierte, offene Art, die Liebe zum Detail und die F\u00e4higkeit, auch komplexe Projekte transparent und termingerecht umzusetzen. \n      Wir sehen uns nicht nur als Dienstleister, sondern als Partner auf Augenh\u00f6he, der deine Vision teilt und mit dir gemeinsam realisiert.\n    <\/p>\n    <p style=\"font-size: 1.1rem; line-height: 1.6;\">\n      <strong>Weil wir Leidenschaft mit Know-how verbinden, weil wir zuh\u00f6ren, weil wir L\u00f6sungen statt Probleme bieten \u2013 und weil wir das tun, was wir am besten k\u00f6nnen: Websites, die begeistern.<\/strong>\n    <\/p>\n  <\/div>\n\n  <div style=\"text-align: center; margin-top: 2rem;\">\n    <a href=\"https:\/\/fatau.at\/hp\/#talk-to-me\" style=\"display: inline-block; padding: 1rem 2rem; background-color: #c0392b; color: #fff; text-decoration: none; border-radius: 5px; font-weight: bold; font-size: 1.1rem;\">\n      Jetzt Kontakt aufnehmen\n    <\/a>\n  <\/div>\n\n<\/section>\n\n\n<style>.kb-row-layout-id86_98d7be-fc > .kt-row-column-wrap{align-content:center;}:where(.kb-row-layout-id86_98d7be-fc > .kt-row-column-wrap) > .wp-block-kadence-column{justify-content:center;}.kb-row-layout-id86_98d7be-fc > .kt-row-column-wrap{column-gap:var(--global-kb-gap-md, 2rem);row-gap:var(--global-kb-gap-md, 2rem);max-width:var( --global-content-width, 1290px );padding-left:var(--global-content-edge-padding);padding-right:var(--global-content-edge-padding);padding-top:var(--global-kb-spacing-xxl, 5rem);padding-bottom:var(--global-kb-spacing-xxl, 5rem);min-height:450px;grid-template-columns:minmax(0, 1fr);}.kb-row-layout-id86_98d7be-fc{background-image:url('https:\/\/fatau.at\/hp\/wp-content\/uploads\/2025\/07\/a-digitally-rendered-abstract-image-showcasing-a.jpeg');background-size:cover;background-position:center center;background-attachment:fixed;background-repeat:no-repeat;}.kb-row-layout-id86_98d7be-fc > .kt-row-layout-overlay{opacity:0.75;background:linear-gradient(90deg,var(--global-palette1) 0%,var(--global-palette2) 100%);}@media all and (max-width: 1024px), only screen and (min-device-width: 1024px) and (max-device-width: 1366px) and (-webkit-min-device-pixel-ratio: 2) and (hover: none){.kb-row-layout-id86_98d7be-fc{background-attachment:scroll;}}@media all and (max-width: 1024px){.kb-row-layout-id86_98d7be-fc > .kt-row-column-wrap{grid-template-columns:minmax(0, 1fr);}}@media all and (max-width: 767px){.kb-row-layout-id86_98d7be-fc > .kt-row-column-wrap{grid-template-columns:minmax(0, 1fr);}}<\/style><div class=\"kb-row-layout-wrap kb-row-layout-id86_98d7be-fc alignfull kt-row-has-bg wp-block-kadence-rowlayout\"><div class=\"kt-row-layout-overlay kt-row-overlay-gradient\"><\/div><div class=\"kt-row-column-wrap kt-has-1-columns kt-row-layout-equal kt-tab-layout-inherit kt-mobile-layout-row kt-row-valign-middle kb-theme-content-width\">\n<style>.kadence-column86_744664-ea > .kt-inside-inner-col,.kadence-column86_744664-ea > .kt-inside-inner-col:before{border-top-left-radius:0px;border-top-right-radius:0px;border-bottom-right-radius:0px;border-bottom-left-radius:0px;}.kadence-column86_744664-ea > .kt-inside-inner-col{column-gap:var(--global-kb-gap-sm, 1rem);}.kadence-column86_744664-ea > .kt-inside-inner-col{flex-direction:column;}.kadence-column86_744664-ea > .kt-inside-inner-col > .aligncenter{width:100%;}.kadence-column86_744664-ea > .kt-inside-inner-col:before{opacity:0.3;}.kadence-column86_744664-ea{position:relative;}@media all and (max-width: 1024px){.kadence-column86_744664-ea > .kt-inside-inner-col{flex-direction:column;justify-content:center;}}@media all and (max-width: 767px){.kadence-column86_744664-ea > .kt-inside-inner-col{flex-direction:column;justify-content:center;}}<\/style>\n<div class=\"wp-block-kadence-column kadence-column86_744664-ea\"><div class=\"kt-inside-inner-col\"><style>.kb-row-layout-id86_216127-0b > .kt-row-column-wrap{align-content:start;}:where(.kb-row-layout-id86_216127-0b > .kt-row-column-wrap) > .wp-block-kadence-column{justify-content:start;}.kb-row-layout-id86_216127-0b > .kt-row-column-wrap{column-gap:var(--global-kb-gap-md, 2rem);row-gap:var(--global-kb-gap-md, 2rem);max-width:800px;margin-left:auto;margin-right:auto;padding-top:0px;padding-right:0px;padding-bottom:0px;padding-left:0px;grid-template-columns:minmax(0, 1fr);}.kb-row-layout-id86_216127-0b > .kt-row-layout-overlay{opacity:0.30;}@media all and (max-width: 1024px){.kb-row-layout-id86_216127-0b > .kt-row-column-wrap{grid-template-columns:minmax(0, 1fr);}}@media all and (max-width: 767px){.kb-row-layout-id86_216127-0b > .kt-row-column-wrap{grid-template-columns:minmax(0, 1fr);}}<\/style><div class=\"kb-row-layout-wrap kb-row-layout-id86_216127-0b alignnone wp-block-kadence-rowlayout\"><div class=\"kt-row-column-wrap kt-has-1-columns kt-row-layout-equal kt-tab-layout-inherit kt-mobile-layout-row kt-row-valign-top\">\n<style>.kadence-column86_0244f0-45 > .kt-inside-inner-col,.kadence-column86_0244f0-45 > .kt-inside-inner-col:before{border-top-left-radius:0px;border-top-right-radius:0px;border-bottom-right-radius:0px;border-bottom-left-radius:0px;}.kadence-column86_0244f0-45 > .kt-inside-inner-col{column-gap:var(--global-kb-gap-sm, 1rem);}.kadence-column86_0244f0-45 > .kt-inside-inner-col{flex-direction:column;}.kadence-column86_0244f0-45 > .kt-inside-inner-col > .aligncenter{width:100%;}.kadence-column86_0244f0-45 > .kt-inside-inner-col:before{opacity:0.3;}.kadence-column86_0244f0-45{position:relative;}@media all and (max-width: 1024px){.kadence-column86_0244f0-45 > .kt-inside-inner-col{flex-direction:column;justify-content:center;}}@media all and (max-width: 767px){.kadence-column86_0244f0-45 > .kt-inside-inner-col{flex-direction:column;justify-content:center;}}<\/style>\n<div class=\"wp-block-kadence-column kadence-column86_0244f0-45\"><div class=\"kt-inside-inner-col\"><style>.wp-block-kadence-advancedheading.kt-adv-heading86_9b33d2-d6, .wp-block-kadence-advancedheading.kt-adv-heading86_9b33d2-d6[data-kb-block=\"kb-adv-heading86_9b33d2-d6\"]{text-align:center;font-size:var(--global-kb-font-size-xl, 3rem);line-height:1.2;font-style:normal;}.wp-block-kadence-advancedheading.kt-adv-heading86_9b33d2-d6 mark.kt-highlight, .wp-block-kadence-advancedheading.kt-adv-heading86_9b33d2-d6[data-kb-block=\"kb-adv-heading86_9b33d2-d6\"] mark.kt-highlight{font-style:normal;color:#f76a0c;-webkit-box-decoration-break:clone;box-decoration-break:clone;padding-top:0px;padding-right:0px;padding-bottom:0px;padding-left:0px;}.wp-block-kadence-advancedheading.kt-adv-heading86_9b33d2-d6 img.kb-inline-image, .wp-block-kadence-advancedheading.kt-adv-heading86_9b33d2-d6[data-kb-block=\"kb-adv-heading86_9b33d2-d6\"] img.kb-inline-image{width:150px;vertical-align:baseline;}<\/style>\n<h2 class=\"kt-adv-heading86_9b33d2-d6 wp-block-kadence-advancedheading has-theme-palette-9-color has-text-color\" data-kb-block=\"kb-adv-heading86_9b33d2-d6\">\u00dcber FATAU Webdesign<\/h2>\n\n\n<style>.wp-block-kadence-advancedheading.kt-adv-heading86_d5b294-dd, .wp-block-kadence-advancedheading.kt-adv-heading86_d5b294-dd[data-kb-block=\"kb-adv-heading86_d5b294-dd\"]{text-align:center;font-style:normal;}.wp-block-kadence-advancedheading.kt-adv-heading86_d5b294-dd mark.kt-highlight, .wp-block-kadence-advancedheading.kt-adv-heading86_d5b294-dd[data-kb-block=\"kb-adv-heading86_d5b294-dd\"] mark.kt-highlight{font-style:normal;color:#f76a0c;-webkit-box-decoration-break:clone;box-decoration-break:clone;padding-top:0px;padding-right:0px;padding-bottom:0px;padding-left:0px;}.wp-block-kadence-advancedheading.kt-adv-heading86_d5b294-dd img.kb-inline-image, .wp-block-kadence-advancedheading.kt-adv-heading86_d5b294-dd[data-kb-block=\"kb-adv-heading86_d5b294-dd\"] img.kb-inline-image{width:150px;vertical-align:baseline;}<\/style>\n<p class=\"kt-adv-heading86_d5b294-dd wp-block-kadence-advancedheading has-theme-palette-9-color has-text-color\" data-kb-block=\"kb-adv-heading86_d5b294-dd\">Unser Engagement f\u00fcr Nachhaltigkeit spiegelt sich in jedem Aspekt unserer Arbeit wider.<\/p>\n\n\n<style>.wp-block-kadence-advancedbtn.kb-btns86_d47710-da{gap:var(--global-kb-gap-xs, 0.5rem );justify-content:center;align-items:center;}.kt-btns86_d47710-da .kt-button{font-weight:normal;font-style:normal;}.kt-btns86_d47710-da .kt-btn-wrap-0{margin-right:5px;}.wp-block-kadence-advancedbtn.kt-btns86_d47710-da .kt-btn-wrap-0 .kt-button{color:#555555;border-color:#555555;}.wp-block-kadence-advancedbtn.kt-btns86_d47710-da .kt-btn-wrap-0 .kt-button:hover, .wp-block-kadence-advancedbtn.kt-btns86_d47710-da .kt-btn-wrap-0 .kt-button:focus{color:#ffffff;border-color:#444444;}.wp-block-kadence-advancedbtn.kt-btns86_d47710-da .kt-btn-wrap-0 .kt-button::before{display:none;}.wp-block-kadence-advancedbtn.kt-btns86_d47710-da .kt-btn-wrap-0 .kt-button:hover, .wp-block-kadence-advancedbtn.kt-btns86_d47710-da .kt-btn-wrap-0 .kt-button:focus{background:#444444;}<\/style>\n<div class=\"wp-block-kadence-advancedbtn kb-buttons-wrap kb-btns86_d47710-da\"><style>ul.menu .wp-block-kadence-advancedbtn .kb-btn86_a33330-aa.kb-button{width:initial;}.wp-block-kadence-advancedbtn .kb-btn86_a33330-aa.kb-button{color:var(--global-palette1, #3182CE);background:var(--global-palette8, #F7FAFC);border-top-left-radius:100px;border-top-right-radius:100px;border-bottom-right-radius:100px;border-bottom-left-radius:100px;padding-top:var(--global-kb-spacing-sm, 1.5rem);padding-right:var(--global-kb-spacing-sm, 1.5rem);padding-bottom:var(--global-kb-spacing-sm, 1.5rem);padding-left:var(--global-kb-spacing-sm, 1.5rem);}.kb-btn86_a33330-aa.kb-button .kb-svg-icon-wrap{padding-top:0px;padding-right:0px;padding-bottom:0px;padding-left:0px;font-size:24px;--kb-button-icon-size:24px;}.wp-block-kadence-advancedbtn .kb-btn86_a33330-aa.kb-button:hover, .wp-block-kadence-advancedbtn .kb-btn86_a33330-aa.kb-button:focus{color:var(--global-palette1, #3182CE);background:var(--global-palette9, #ffffff);}.kb-btn86_a33330-aa.kb-button .kt-btn-inner-text{display:none;}<\/style><span class=\"kb-button kt-button button kb-btn86_a33330-aa kt-btn-size-standard kt-btn-width-type-auto kb-btn-global-fill  kt-btn-has-text-false kt-btn-has-svg-true  ktblocksvideopop wp-block-kadence-singlebtn\"><span class=\"kb-svg-icon-wrap kb-svg-icon-fas_play kt-btn-icon-side-right\"><svg viewBox=\"0 0 448 512\"  fill=\"currentColor\" xmlns=\"http:\/\/www.w3.org\/2000\/svg\"  aria-hidden=\"true\"><path d=\"M424.4 214.7L72.4 6.6C43.8-10.3 0 6.1 0 47.9V464c0 37.5 40.7 60.1 72.4 41.3l352-208c31.4-18.5 31.5-64.1 0-82.6z\"\/><\/svg><\/span><\/span><\/div>\n<\/div><\/div>\n\n<\/div><\/div><\/div><\/div>\n\n<\/div><\/div>\n\n\n<p><\/p>\n","protected":false},"excerpt":{"rendered":"<p>Websites, die begeistern und nachhaltig sind. \u00dcber uns Bei FATAU Webdesign vereinen wir \u00fcber 25 Jahre Erfahrung mit Innovation, Nachhaltigkeit und digitaler Exzellenz. Unser Team setzt auf moderne, energieeffiziente Technologien,&#8230;<\/p>\n","protected":false},"author":1,"featured_media":0,"parent":0,"menu_order":0,"comment_status":"closed","ping_status":"closed","template":"","meta":{"give_campaign_id":0,"_price":"","_stock":"","_tribe_ticket_header":"","_tribe_default_ticket_provider":"","_tribe_ticket_capacity":"0","_ticket_start_date":"","_ticket_end_date":"","_tribe_ticket_show_description":"","_tribe_ticket_show_not_going":false,"_tribe_ticket_use_global_stock":"","_tribe_ticket_global_stock_level":"","_global_stock_mode":"","_global_stock_cap":"","_tribe_rsvp_for_event":"","_tribe_ticket_going_count":"","_tribe_ticket_not_going_count":"","_tribe_tickets_list":"[]","_tribe_ticket_has_attendee_info_fields":false,"_kadence_starter_templates_imported_post":true,"_kad_post_transparent":"","_kad_post_title":"hide","_kad_post_layout":"fullwidth","_kad_post_sidebar_id":"","_kad_post_content_style":"unboxed","_kad_post_vertical_padding":"hide","_kad_post_feature":"hide","_kad_post_feature_position":"","_kad_post_header":false,"_kad_post_footer":false,"_kad_post_classname":"","footnotes":"","_tec_slr_enabled":"","_tec_slr_layout":""},"class_list":["post-86","page","type-page","status-publish","hentry"],"yoast_head":"<!-- This site is optimized with the Yoast SEO plugin v27.3 - https:\/\/yoast.com\/product\/yoast-seo-wordpress\/ -->\n<title>About - FATAU Webdesign \u2013 Websites, die begeistern.<\/title>\n<meta name=\"robots\" content=\"index, follow, max-snippet:-1, max-image-preview:large, max-video-preview:-1\" \/>\n<link rel=\"canonical\" href=\"https:\/\/fatau.at\/hp\/about\/\" \/>\n<meta property=\"og:locale\" content=\"de_DE\" \/>\n<meta property=\"og:type\" content=\"article\" \/>\n<meta property=\"og:title\" content=\"About - FATAU Webdesign \u2013 Websites, die begeistern.\" \/>\n<meta property=\"og:description\" content=\"Websites, die begeistern und nachhaltig sind. \u00dcber uns Bei FATAU Webdesign vereinen wir \u00fcber 25 Jahre Erfahrung mit Innovation, Nachhaltigkeit und digitaler Exzellenz. Unser Team setzt auf moderne, energieeffiziente Technologien,...\" \/>\n<meta property=\"og:url\" content=\"https:\/\/fatau.at\/hp\/about\/\" \/>\n<meta property=\"og:site_name\" content=\"FATAU Webdesign \u2013 Websites, die begeistern.\" \/>\n<meta property=\"article:modified_time\" content=\"2025-07-21T18:59:04+00:00\" \/>\n<meta name=\"twitter:card\" content=\"summary_large_image\" \/>\n<meta name=\"twitter:label1\" content=\"Gesch\u00e4tzte Lesezeit\" \/>\n\t<meta name=\"twitter:data1\" content=\"3\u00a0Minuten\" \/>\n<script type=\"application\/ld+json\" class=\"yoast-schema-graph\">{\"@context\":\"https:\\\/\\\/schema.org\",\"@graph\":[{\"@type\":\"WebPage\",\"@id\":\"https:\\\/\\\/fatau.at\\\/hp\\\/about\\\/\",\"url\":\"https:\\\/\\\/fatau.at\\\/hp\\\/about\\\/\",\"name\":\"About - FATAU Webdesign \u2013 Websites, die begeistern.\",\"isPartOf\":{\"@id\":\"https:\\\/\\\/fatau.at\\\/hp\\\/#website\"},\"datePublished\":\"2025-07-17T08:35:47+00:00\",\"dateModified\":\"2025-07-21T18:59:04+00:00\",\"breadcrumb\":{\"@id\":\"https:\\\/\\\/fatau.at\\\/hp\\\/about\\\/#breadcrumb\"},\"inLanguage\":\"de\",\"potentialAction\":[{\"@type\":\"ReadAction\",\"target\":[\"https:\\\/\\\/fatau.at\\\/hp\\\/about\\\/\"]}]},{\"@type\":\"BreadcrumbList\",\"@id\":\"https:\\\/\\\/fatau.at\\\/hp\\\/about\\\/#breadcrumb\",\"itemListElement\":[{\"@type\":\"ListItem\",\"position\":1,\"name\":\"Startseite\",\"item\":\"https:\\\/\\\/fatau.at\\\/hp\\\/\"},{\"@type\":\"ListItem\",\"position\":2,\"name\":\"About\"}]},{\"@type\":\"WebSite\",\"@id\":\"https:\\\/\\\/fatau.at\\\/hp\\\/#website\",\"url\":\"https:\\\/\\\/fatau.at\\\/hp\\\/\",\"name\":\"FATAU Webdesign \u2013 Websites, die begeistern.\",\"description\":\"\",\"publisher\":{\"@id\":\"https:\\\/\\\/fatau.at\\\/hp\\\/#organization\"},\"potentialAction\":[{\"@type\":\"SearchAction\",\"target\":{\"@type\":\"EntryPoint\",\"urlTemplate\":\"https:\\\/\\\/fatau.at\\\/hp\\\/?s={search_term_string}\"},\"query-input\":{\"@type\":\"PropertyValueSpecification\",\"valueRequired\":true,\"valueName\":\"search_term_string\"}}],\"inLanguage\":\"de\"},{\"@type\":\"Organization\",\"@id\":\"https:\\\/\\\/fatau.at\\\/hp\\\/#organization\",\"name\":\"FATAU Webdesign \u2013 Websites, die begeistern.\",\"url\":\"https:\\\/\\\/fatau.at\\\/hp\\\/\",\"logo\":{\"@type\":\"ImageObject\",\"inLanguage\":\"de\",\"@id\":\"https:\\\/\\\/fatau.at\\\/hp\\\/#\\\/schema\\\/logo\\\/image\\\/\",\"url\":\"https:\\\/\\\/fatau.at\\\/hp\\\/wp-content\\\/uploads\\\/2025\\\/07\\\/cropped-LOGO-FATAU.png\",\"contentUrl\":\"https:\\\/\\\/fatau.at\\\/hp\\\/wp-content\\\/uploads\\\/2025\\\/07\\\/cropped-LOGO-FATAU.png\",\"width\":1024,\"height\":410,\"caption\":\"FATAU Webdesign \u2013 Websites, die begeistern.\"},\"image\":{\"@id\":\"https:\\\/\\\/fatau.at\\\/hp\\\/#\\\/schema\\\/logo\\\/image\\\/\"}}]}<\/script>\n<!-- \/ Yoast SEO plugin. -->","yoast_head_json":{"title":"About - FATAU Webdesign \u2013 Websites, die begeistern.","robots":{"index":"index","follow":"follow","max-snippet":"max-snippet:-1","max-image-preview":"max-image-preview:large","max-video-preview":"max-video-preview:-1"},"canonical":"https:\/\/fatau.at\/hp\/about\/","og_locale":"de_DE","og_type":"article","og_title":"About - FATAU Webdesign \u2013 Websites, die begeistern.","og_description":"Websites, die begeistern und nachhaltig sind. \u00dcber uns Bei FATAU Webdesign vereinen wir \u00fcber 25 Jahre Erfahrung mit Innovation, Nachhaltigkeit und digitaler Exzellenz. Unser Team setzt auf moderne, energieeffiziente Technologien,...","og_url":"https:\/\/fatau.at\/hp\/about\/","og_site_name":"FATAU Webdesign \u2013 Websites, die begeistern.","article_modified_time":"2025-07-21T18:59:04+00:00","twitter_card":"summary_large_image","twitter_misc":{"Gesch\u00e4tzte Lesezeit":"3\u00a0Minuten"},"schema":{"@context":"https:\/\/schema.org","@graph":[{"@type":"WebPage","@id":"https:\/\/fatau.at\/hp\/about\/","url":"https:\/\/fatau.at\/hp\/about\/","name":"About - FATAU Webdesign \u2013 Websites, die begeistern.","isPartOf":{"@id":"https:\/\/fatau.at\/hp\/#website"},"datePublished":"2025-07-17T08:35:47+00:00","dateModified":"2025-07-21T18:59:04+00:00","breadcrumb":{"@id":"https:\/\/fatau.at\/hp\/about\/#breadcrumb"},"inLanguage":"de","potentialAction":[{"@type":"ReadAction","target":["https:\/\/fatau.at\/hp\/about\/"]}]},{"@type":"BreadcrumbList","@id":"https:\/\/fatau.at\/hp\/about\/#breadcrumb","itemListElement":[{"@type":"ListItem","position":1,"name":"Startseite","item":"https:\/\/fatau.at\/hp\/"},{"@type":"ListItem","position":2,"name":"About"}]},{"@type":"WebSite","@id":"https:\/\/fatau.at\/hp\/#website","url":"https:\/\/fatau.at\/hp\/","name":"FATAU Webdesign \u2013 Websites, die begeistern.","description":"","publisher":{"@id":"https:\/\/fatau.at\/hp\/#organization"},"potentialAction":[{"@type":"SearchAction","target":{"@type":"EntryPoint","urlTemplate":"https:\/\/fatau.at\/hp\/?s={search_term_string}"},"query-input":{"@type":"PropertyValueSpecification","valueRequired":true,"valueName":"search_term_string"}}],"inLanguage":"de"},{"@type":"Organization","@id":"https:\/\/fatau.at\/hp\/#organization","name":"FATAU Webdesign \u2013 Websites, die begeistern.","url":"https:\/\/fatau.at\/hp\/","logo":{"@type":"ImageObject","inLanguage":"de","@id":"https:\/\/fatau.at\/hp\/#\/schema\/logo\/image\/","url":"https:\/\/fatau.at\/hp\/wp-content\/uploads\/2025\/07\/cropped-LOGO-FATAU.png","contentUrl":"https:\/\/fatau.at\/hp\/wp-content\/uploads\/2025\/07\/cropped-LOGO-FATAU.png","width":1024,"height":410,"caption":"FATAU Webdesign \u2013 Websites, die begeistern."},"image":{"@id":"https:\/\/fatau.at\/hp\/#\/schema\/logo\/image\/"}}]}},"campaignId":"","ticketed":false,"_links":{"self":[{"href":"https:\/\/fatau.at\/hp\/wp-json\/wp\/v2\/pages\/86","targetHints":{"allow":["GET"]}}],"collection":[{"href":"https:\/\/fatau.at\/hp\/wp-json\/wp\/v2\/pages"}],"about":[{"href":"https:\/\/fatau.at\/hp\/wp-json\/wp\/v2\/types\/page"}],"author":[{"embeddable":true,"href":"https:\/\/fatau.at\/hp\/wp-json\/wp\/v2\/users\/1"}],"replies":[{"embeddable":true,"href":"https:\/\/fatau.at\/hp\/wp-json\/wp\/v2\/comments?post=86"}],"version-history":[{"count":4,"href":"https:\/\/fatau.at\/hp\/wp-json\/wp\/v2\/pages\/86\/revisions"}],"predecessor-version":[{"id":246,"href":"https:\/\/fatau.at\/hp\/wp-json\/wp\/v2\/pages\/86\/revisions\/246"}],"wp:attachment":[{"href":"https:\/\/fatau.at\/hp\/wp-json\/wp\/v2\/media?parent=86"}],"curies":[{"name":"wp","href":"https:\/\/api.w.org\/{rel}","templated":true}]}}